{"id":4175,"date":"2021-09-20T18:39:37","date_gmt":"2021-09-20T16:39:37","guid":{"rendered":"https:\/\/european2021.escuderiamollerussa.com\/participants\/"},"modified":"2025-09-27T17:26:03","modified_gmt":"2025-09-27T15:26:03","slug":"participants","status":"publish","type":"page","link":"https:\/\/european2023.escuderiamollerussa.com\/fr\/participants\/","title":{"rendered":"Participants"},"content":{"rendered":"\t\t<div data-elementor-type=\"wp-page\" data-elementor-id=\"4175\" class=\"elementor elementor-4175 elementor-3901\">\n\t\t\t\t\t\t<div class=\"elementor-inner\">\n\t\t\t\t<div class=\"elementor-section-wrap\">\n\t\t\t\t\t\t\t\t\t<section class=\"elementor-section elementor-top-section elementor-element elementor-element-935e244 elementor-section-boxed elementor-section-height-default elementor-section-height-default\" data-id=\"935e244\" data-element_type=\"section\">\n\t\t\t\t\t\t<div class=\"elementor-container elementor-column-gap-default\">\n\t\t\t\t\t\t\t<div class=\"elementor-row\">\n\t\t\t\t\t<div class=\"elementor-column elementor-col-100 elementor-top-column elementor-element elementor-element-fae18e4\" data-id=\"fae18e4\" data-element_type=\"column\">\n\t\t\t<div class=\"elementor-column-wrap elementor-element-populated\">\n\t\t\t\t\t\t\t<div class=\"elementor-widget-wrap\">\n\t\t\t\t\t\t<div class=\"elementor-element elementor-element-51166f4 elementor-widget elementor-widget-text-editor\" data-id=\"51166f4\" data-element_type=\"widget\" data-widget_type=\"text-editor.default\">\n\t\t\t\t<div class=\"elementor-widget-container\">\n\t\t\t\t\t\t\t\t<div class=\"elementor-text-editor elementor-clearfix\">\n\t\t\t\t<ul>\n<li><a href=\"https:\/\/european2023.escuderiamollerussa.com\/wp-content\/uploads\/2025\/09\/accesos.pdf\" class=\"mtli_attachment mtli_pdf\">Plan d&rsquo;acc\u00e8s<\/a><\/li>\n<li><a href=\"https:\/\/european2023.escuderiamollerussa.com\/wp-content\/uploads\/2025\/09\/AX-XC-2025-Supplementary-Regulations-Mollerussa_v1.pdf\" class=\"mtli_attachment mtli_pdf\">R\u00e8glements sp\u00e9cifiques (en attente d\u2019approbation)<\/a><\/li>\n<li><a href=\"https:\/\/european2023.escuderiamollerussa.com\/wp-content\/uploads\/2024\/09\/guidelines_helmets_web.pdf\" class=\"mtli_attachment mtli_pdf\">Recommandations de la FIA sur les casques<\/a><\/li>\n<li><a href=\"https:\/\/european2023.escuderiamollerussa.com\/wp-content\/uploads\/2024\/09\/guidelines_safety_clothing_web.pdf\" class=\"mtli_attachment mtli_pdf\">Recommandations de la FIA : V\u00eatements ignifuges<\/a><\/li>\n<li>Fiche de v\u00e9rification technique<\/li>\n<li>Engag\u00e9s Super Buggy<\/li>\n<li>Engag\u00e9s Buggy 1600<\/li>\n<li>Engag\u00e9s Junior Buggy<\/li>\n<li>Engag\u00e9s XC Cross Car<\/li>\n<li>Horaires  <\/li>\n<li>Bulletin N\u00ba1<\/li>\n<li>Bulletin N\u00ba2<\/li>\n<li><a href=\"https:\/\/www.fia.com\/regulation\/category\/102\">R\u00e8glements de 2025<\/a><\/li>\n<li>Charg\u00e9 des relations avec les concurrents<\/li>\n<li><a href=\"https:\/\/european2023.escuderiamollerussa.com\/wp-content\/uploads\/2025\/09\/Mollerussa-circuit-map_2025_EAX_V2.pdf\" class=\"mtli_attachment mtli_pdf\">Plan du circuit<\/a><\/li>\n<li>Autorisation d&rsquo;organisation<\/li>\n<\/ul>\n\t\t\t\t\t<\/div>\n\t\t\t\t\t\t<\/div>\n\t\t\t\t<\/div>\n\t\t\t\t\t\t<\/div>\n\t\t\t\t\t<\/div>\n\t\t<\/div>\n\t\t\t\t\t\t\t\t<\/div>\n\t\t\t\t\t<\/div>\n\t\t<\/section>\n\t\t\t\t\t\t\t\t\t<\/div>\n\t\t\t<\/div>\n\t\t\t\t\t<\/div>\n\t\t","protected":false},"excerpt":{"rendered":"<p>Plan d&rsquo;acc\u00e8s R\u00e8glements sp\u00e9cifiques (en attente d\u2019approbation) Recommandations de la FIA sur les casques Recommandations de la FIA : V\u00eatements ignifuges Fiche de v\u00e9rification technique Engag\u00e9s Super Buggy Engag\u00e9s Buggy 1600 Engag\u00e9s Junior Buggy Engag\u00e9s XC Cross Car Horaires Bulletin N\u00ba1 Bulletin N\u00ba2 R\u00e8glements de 2025 Charg\u00e9 des relations avec les concurrents Plan du circuit&hellip;<\/p>\n","protected":false},"author":1,"featured_media":0,"parent":0,"menu_order":0,"comment_status":"closed","ping_status":"closed","template":"","meta":{"footnotes":""},"class_list":["post-4175","page","type-page","status-publish","hentry"],"_links":{"self":[{"href":"https:\/\/european2023.escuderiamollerussa.com\/fr\/wp-json\/wp\/v2\/pages\/4175","targetHints":{"allow":["GET"]}}],"collection":[{"href":"https:\/\/european2023.escuderiamollerussa.com\/fr\/wp-json\/wp\/v2\/pages"}],"about":[{"href":"https:\/\/european2023.escuderiamollerussa.com\/fr\/wp-json\/wp\/v2\/types\/page"}],"author":[{"embeddable":true,"href":"https:\/\/european2023.escuderiamollerussa.com\/fr\/wp-json\/wp\/v2\/users\/1"}],"replies":[{"embeddable":true,"href":"https:\/\/european2023.escuderiamollerussa.com\/fr\/wp-json\/wp\/v2\/comments?post=4175"}],"version-history":[{"count":23,"href":"https:\/\/european2023.escuderiamollerussa.com\/fr\/wp-json\/wp\/v2\/pages\/4175\/revisions"}],"predecessor-version":[{"id":5706,"href":"https:\/\/european2023.escuderiamollerussa.com\/fr\/wp-json\/wp\/v2\/pages\/4175\/revisions\/5706"}],"wp:attachment":[{"href":"https:\/\/european2023.escuderiamollerussa.com\/fr\/wp-json\/wp\/v2\/media?parent=4175"}],"curies":[{"name":"wp","href":"https:\/\/api.w.org\/{rel}","templated":true}]}}