{"id":4154,"date":"2021-09-20T18:35:31","date_gmt":"2021-09-20T16:35:31","guid":{"rendered":"https:\/\/european2021.escuderiamollerussa.com\/previsions-meteorologiques\/"},"modified":"2021-09-20T18:35:31","modified_gmt":"2021-09-20T16:35:31","slug":"previsions-meteorologiques","status":"publish","type":"page","link":"https:\/\/european2023.escuderiamollerussa.com\/fr\/previsions-meteorologiques\/","title":{"rendered":"Pr\u00e9visions m\u00e9t\u00e9orologiques"},"content":{"rendered":"\n<center><iframe loading=\"lazy\" src=\"https:\/\/static-m.meteo.cat\/ginys\/municipal72h?location=251370&#038;language=es&#038;color=41509d&#038;tempFormat=%C2%BAC&#038;windSpeedFormat=km\/h&#038;mainChart=estCel&#038;secondaryChart=true&#038;target=_blank\" title=\"Predicci\u00f3n municipal a 72 horas\" frameborder=\"0\" style=\"border: 0\" scrolling=\"no\" width=\"840\" height=\"450\"><\/iframe><\/center>\n\n<p><\/p>\n","protected":false},"excerpt":{"rendered":"","protected":false},"author":1,"featured_media":0,"parent":0,"menu_order":0,"comment_status":"closed","ping_status":"closed","template":"","meta":{"footnotes":""},"class_list":["post-4154","page","type-page","status-publish","hentry","description-off"],"_links":{"self":[{"href":"https:\/\/european2023.escuderiamollerussa.com\/fr\/wp-json\/wp\/v2\/pages\/4154","targetHints":{"allow":["GET"]}}],"collection":[{"href":"https:\/\/european2023.escuderiamollerussa.com\/fr\/wp-json\/wp\/v2\/pages"}],"about":[{"href":"https:\/\/european2023.escuderiamollerussa.com\/fr\/wp-json\/wp\/v2\/types\/page"}],"author":[{"embeddable":true,"href":"https:\/\/european2023.escuderiamollerussa.com\/fr\/wp-json\/wp\/v2\/users\/1"}],"replies":[{"embeddable":true,"href":"https:\/\/european2023.escuderiamollerussa.com\/fr\/wp-json\/wp\/v2\/comments?post=4154"}],"version-history":[{"count":0,"href":"https:\/\/european2023.escuderiamollerussa.com\/fr\/wp-json\/wp\/v2\/pages\/4154\/revisions"}],"wp:attachment":[{"href":"https:\/\/european2023.escuderiamollerussa.com\/fr\/wp-json\/wp\/v2\/media?parent=4154"}],"curies":[{"name":"wp","href":"https:\/\/api.w.org\/{rel}","templated":true}]}}