{"id":4843,"date":"2022-09-04T18:02:48","date_gmt":"2022-09-04T16:02:48","guid":{"rendered":"https:\/\/european2022.escuderiamollerussa.com\/?post_type=product&#038;p=4843"},"modified":"2024-09-29T23:14:16","modified_gmt":"2024-09-29T21:14:16","slug":"reserva-de-paddock","status":"publish","type":"product","link":"https:\/\/european2023.escuderiamollerussa.com\/en\/servicio\/reserva-de-paddock\/","title":{"rendered":"Reserva de Paddock"},"content":{"rendered":"<p><img loading=\"lazy\" decoding=\"async\" class=\"alignnone size-full wp-image-4806\" src=\"https:\/\/european2023.escuderiamollerussa.com\/wp-content\/uploads\/2021\/08\/europa-mapa2022.jpg\" alt=\"Mapa del Paddock\" width=\"1780\" height=\"1178\" srcset=\"https:\/\/european2023.escuderiamollerussa.com\/wp-content\/uploads\/2021\/08\/europa-mapa2022.jpg 1780w, https:\/\/european2023.escuderiamollerussa.com\/wp-content\/uploads\/2021\/08\/europa-mapa2022-600x397.jpg 600w, https:\/\/european2023.escuderiamollerussa.com\/wp-content\/uploads\/2021\/08\/europa-mapa2022-300x199.jpg 300w, https:\/\/european2023.escuderiamollerussa.com\/wp-content\/uploads\/2021\/08\/europa-mapa2022-1024x678.jpg 1024w, https:\/\/european2023.escuderiamollerussa.com\/wp-content\/uploads\/2021\/08\/europa-mapa2022-768x508.jpg 768w, https:\/\/european2023.escuderiamollerussa.com\/wp-content\/uploads\/2021\/08\/europa-mapa2022-1536x1017.jpg 1536w\" sizes=\"auto, (max-width: 1780px) 100vw, 1780px\" \/><\/p>\n\n<table id=\"tablepress-2\" class=\"tablepress tablepress-id-2\">\n<thead>\n<tr class=\"row-1 odd\">\n\t<th class=\"column-1\">Nombre<\/th><th class=\"column-2\">Apellidos<\/th><th class=\"column-3\">N\u00famero<\/th><th class=\"column-4\">Categor\u00eda<\/th><th class=\"column-5\">Paddock<\/th>\n<\/tr>\n<\/thead>\n<tbody class=\"row-hover\">\n<tr class=\"row-2 even\">\n\t<td class=\"column-1\">Ares<\/td><td class=\"column-2\">Lahoz<\/td><td class=\"column-3\">305<\/td><td class=\"column-4\">crosscar<\/td><td class=\"column-5\">A.01<\/td>\n<\/tr>\n<tr class=\"row-3 odd\">\n\t<td class=\"column-1\">Juan Jose<\/td><td class=\"column-2\">Moll<\/td><td class=\"column-3\">302<\/td><td class=\"column-4\">crosscar<\/td><td class=\"column-5\">A.02<\/td>\n<\/tr>\n<tr class=\"row-4 even\">\n\t<td class=\"column-1\">Borja<\/td><td class=\"column-2\">Gonzalez<\/td><td class=\"column-3\">328<\/td><td class=\"column-4\">crosscar<\/td><td class=\"column-5\">A.03<\/td>\n<\/tr>\n<tr class=\"row-5 odd\">\n\t<td class=\"column-1\">Vincent<\/td><td class=\"column-2\">PRIAT<\/td><td class=\"column-3\">309<\/td><td class=\"column-4\">crosscar<\/td><td class=\"column-5\">A.04<\/td>\n<\/tr>\n<tr class=\"row-6 even\">\n\t<td class=\"column-1\">Valentin<\/td><td class=\"column-2\">BOURDIN<\/td><td class=\"column-3\">381<\/td><td class=\"column-4\">crosscar<\/td><td class=\"column-5\">A.05<\/td>\n<\/tr>\n<tr class=\"row-7 odd\">\n\t<td class=\"column-1\">Vincent<\/td><td class=\"column-2\">Mercier<\/td><td class=\"column-3\">11<\/td><td class=\"column-4\">superbuggy<\/td><td class=\"column-5\">A.06<\/td>\n<\/tr>\n<tr class=\"row-8 even\">\n\t<td class=\"column-1\">Adrian<\/td><td class=\"column-2\">Boele<\/td><td class=\"column-3\">0<\/td><td class=\"column-4\">superbuggy<\/td><td class=\"column-5\">A.07<\/td>\n<\/tr>\n<tr class=\"row-9 odd\">\n\t<td class=\"column-1\">Hansueli<\/td><td class=\"column-2\">Egli<\/td><td class=\"column-3\">52<\/td><td class=\"column-4\">superbuggy<\/td><td class=\"column-5\">A.08<\/td>\n<\/tr>\n<tr class=\"row-10 even\">\n\t<td class=\"column-1\">Kevin<\/td><td class=\"column-2\">Peters<\/td><td class=\"column-3\">101<\/td><td class=\"column-4\">buggy1600<\/td><td class=\"column-5\">B.01<\/td>\n<\/tr>\n<tr class=\"row-11 odd\">\n\t<td class=\"column-1\">Frank<\/td><td class=\"column-2\">Arentsen<\/td><td class=\"column-3\">45<\/td><td class=\"column-4\">superbuggy<\/td><td class=\"column-5\">B.02<\/td>\n<\/tr>\n<tr class=\"row-12 even\">\n\t<td class=\"column-1\">Hendrik Jan<\/td><td class=\"column-2\">Arentsen<\/td><td class=\"column-3\">97<\/td><td class=\"column-4\">superbuggy<\/td><td class=\"column-5\">B.03<\/td>\n<\/tr>\n<tr class=\"row-13 odd\">\n\t<td class=\"column-1\">Chris<\/td><td class=\"column-2\">Hermes<\/td><td class=\"column-3\">172<\/td><td class=\"column-4\">buggy1600<\/td><td class=\"column-5\">B.04<\/td>\n<\/tr>\n<tr class=\"row-14 even\">\n\t<td class=\"column-1\">Tinus<\/td><td class=\"column-2\">Franssen<\/td><td class=\"column-3\">224<\/td><td class=\"column-4\">juniorbuggy<\/td><td class=\"column-5\">B.05<\/td>\n<\/tr>\n<tr class=\"row-15 odd\">\n\t<td class=\"column-1\">Danny<\/td><td class=\"column-2\">Van Den Berg<\/td><td class=\"column-3\">190<\/td><td class=\"column-4\">buggy1600<\/td><td class=\"column-5\">B.06<\/td>\n<\/tr>\n<tr class=\"row-16 even\">\n\t<td class=\"column-1\">Tomi<\/td><td class=\"column-2\">Barati<\/td><td class=\"column-3\">373<\/td><td class=\"column-4\">crosscar<\/td><td class=\"column-5\">B.07<\/td>\n<\/tr>\n<tr class=\"row-17 odd\">\n\t<td class=\"column-1\">Ivan<\/td><td class=\"column-2\">Pi\u00f1a<\/td><td class=\"column-3\">312<\/td><td class=\"column-4\">crosscar<\/td><td class=\"column-5\">B.08<\/td>\n<\/tr>\n<tr class=\"row-18 even\">\n\t<td class=\"column-1\">Ivan<\/td><td class=\"column-2\">Pi\u00f1a<\/td><td class=\"column-3\">312<\/td><td class=\"column-4\">crosscar<\/td><td class=\"column-5\">B.09<\/td>\n<\/tr>\n<tr class=\"row-19 odd\">\n\t<td class=\"column-1\">Ivan<\/td><td class=\"column-2\">Pi\u00f1a<\/td><td class=\"column-3\">312<\/td><td class=\"column-4\">crosscar<\/td><td class=\"column-5\">B.10<\/td>\n<\/tr>\n<tr class=\"row-20 even\">\n\t<td class=\"column-1\">PLANET MOTORSPORT BELGIUM HUET<\/td><td class=\"column-2\">Fiona<\/td><td class=\"column-3\">395<\/td><td class=\"column-4\">crosscar<\/td><td class=\"column-5\">C.01<\/td>\n<\/tr>\n<tr class=\"row-21 odd\">\n\t<td class=\"column-1\">PLANET MOTORSPORT BELGIUM HUET<\/td><td class=\"column-2\">Fiona<\/td><td class=\"column-3\">344<\/td><td class=\"column-4\">crosscar<\/td><td class=\"column-5\">C.02<\/td>\n<\/tr>\n<tr class=\"row-22 even\">\n\t<td class=\"column-1\">PLANET MOTORSPORT BELGIUM HUET<\/td><td class=\"column-2\">Fiona<\/td><td class=\"column-3\">359<\/td><td class=\"column-4\">crosscar<\/td><td class=\"column-5\">C.03<\/td>\n<\/tr>\n<tr class=\"row-23 odd\">\n\t<td class=\"column-1\">PLANET MOTORSPORT BELGIUM HUET<\/td><td class=\"column-2\">Fiona<\/td><td class=\"column-3\">371<\/td><td class=\"column-4\">crosscar<\/td><td class=\"column-5\">C.04<\/td>\n<\/tr>\n<tr class=\"row-24 even\">\n\t<td class=\"column-1\">PLANET MOTORSPORT BELGIUM HUET<\/td><td class=\"column-2\">Fiona<\/td><td class=\"column-3\">325<\/td><td class=\"column-4\">crosscar<\/td><td class=\"column-5\">C.05<\/td>\n<\/tr>\n<tr class=\"row-25 odd\">\n\t<td class=\"column-1\">Markus<\/td><td class=\"column-2\">Wibbeler<\/td><td class=\"column-3\">107<\/td><td class=\"column-4\">buggy1600<\/td><td class=\"column-5\">C.06<\/td>\n<\/tr>\n<tr class=\"row-26 even\">\n\t<td class=\"column-1\">Radek<\/td><td class=\"column-2\">Jordak<\/td><td class=\"column-3\">5<\/td><td class=\"column-4\">superbuggy<\/td><td class=\"column-5\">C.07<\/td>\n<\/tr>\n<tr class=\"row-27 odd\">\n\t<td class=\"column-1\">Robert<\/td><td class=\"column-2\">Theuil<\/td><td class=\"column-3\">8<\/td><td class=\"column-4\">superbuggy<\/td><td class=\"column-5\">C.08<\/td>\n<\/tr>\n<tr class=\"row-28 even\">\n\t<td class=\"column-1\">Arnost<\/td><td class=\"column-2\">Florian<\/td><td class=\"column-3\">201<\/td><td class=\"column-4\">juniorbuggy<\/td><td class=\"column-5\">C.09<\/td>\n<\/tr>\n<tr class=\"row-29 odd\">\n\t<td class=\"column-1\">Petr<\/td><td class=\"column-2\">Dole\u017eal<\/td><td class=\"column-3\">318<\/td><td class=\"column-4\">crosscar<\/td><td class=\"column-5\">C.10<\/td>\n<\/tr>\n<tr class=\"row-30 even\">\n\t<td class=\"column-1\">Jakub<\/td><td class=\"column-2\">\u0160afr\u00e1nek<\/td><td class=\"column-3\">205<\/td><td class=\"column-4\">juniorbuggy<\/td><td class=\"column-5\">D.01<\/td>\n<\/tr>\n<tr class=\"row-31 odd\">\n\t<td class=\"column-1\">Valentin<\/td><td class=\"column-2\">Comte<\/td><td class=\"column-3\">304<\/td><td class=\"column-4\">crosscar<\/td><td class=\"column-5\">D.02<\/td>\n<\/tr>\n<tr class=\"row-32 even\">\n\t<td class=\"column-1\">WILLOZ<\/td><td class=\"column-2\">LR MOTORS COMTE<\/td><td class=\"column-3\">377<\/td><td class=\"column-4\">crosscar<\/td><td class=\"column-5\">D.03<\/td>\n<\/tr>\n<tr class=\"row-33 odd\">\n\t<td class=\"column-1\">Valentin<\/td><td class=\"column-2\">Comte<\/td><td class=\"column-3\">304<\/td><td class=\"column-4\">crosscar<\/td><td class=\"column-5\">D.04<\/td>\n<\/tr>\n<tr class=\"row-34 even\">\n\t<td class=\"column-1\">Gijs<\/td><td class=\"column-2\">Kovac<\/td><td class=\"column-3\">209<\/td><td class=\"column-4\">juniorbuggy<\/td><td class=\"column-5\">D.05<\/td>\n<\/tr>\n<tr class=\"row-35 odd\">\n\t<td class=\"column-1\">Gijs<\/td><td class=\"column-2\">Kovac<\/td><td class=\"column-3\">-<\/td><td class=\"column-4\">superbuggy<\/td><td class=\"column-5\">D.06<\/td>\n<\/tr>\n<tr class=\"row-36 even\">\n\t<td class=\"column-1\">Nathan<\/td><td class=\"column-2\">Ottink<\/td><td class=\"column-3\">212<\/td><td class=\"column-4\">juniorbuggy<\/td><td class=\"column-5\">D.07<\/td>\n<\/tr>\n<tr class=\"row-37 odd\">\n\t<td class=\"column-1\">Francesco<\/td><td class=\"column-2\">Pirocco<\/td><td class=\"column-3\">325<\/td><td class=\"column-4\">crosscar<\/td><td class=\"column-5\">D.08<\/td>\n<\/tr>\n<tr class=\"row-38 even\">\n\t<td class=\"column-1\">Federico<\/td><td class=\"column-2\">Pini<\/td><td class=\"column-3\">3.139<\/td><td class=\"column-4\">crosscar<\/td><td class=\"column-5\">D.09<\/td>\n<\/tr>\n<tr class=\"row-39 odd\">\n\t<td class=\"column-1\">Stijn<\/td><td class=\"column-2\">Jaspers<\/td><td class=\"column-3\">102<\/td><td class=\"column-4\">buggy1600<\/td><td class=\"column-5\">D.10<\/td>\n<\/tr>\n<tr class=\"row-40 even\">\n\t<td class=\"column-1\">Teun<\/td><td class=\"column-2\">Van Asten<\/td><td class=\"column-3\">25<\/td><td class=\"column-4\">superbuggy<\/td><td class=\"column-5\">D.11<\/td>\n<\/tr>\n<tr class=\"row-41 odd\">\n\t<td class=\"column-1\">Joep<\/td><td class=\"column-2\">Cuenen<\/td><td class=\"column-3\">210<\/td><td class=\"column-4\">juniorbuggy<\/td><td class=\"column-5\">D.12<\/td>\n<\/tr>\n<tr class=\"row-42 even\">\n\t<td class=\"column-1\">Moreton<\/td><td class=\"column-2\">Lola<\/td><td class=\"column-3\">354<\/td><td class=\"column-4\">crosscar<\/td><td class=\"column-5\">E.01<\/td>\n<\/tr>\n<tr class=\"row-43 odd\">\n\t<td class=\"column-1\">Moreton<\/td><td class=\"column-2\">Lola<\/td><td class=\"column-3\">116<\/td><td class=\"column-4\">crosscar<\/td><td class=\"column-5\">E.02<\/td>\n<\/tr>\n<tr class=\"row-44 even\">\n\t<td class=\"column-1\">Moreton<\/td><td class=\"column-2\">Lola<\/td><td class=\"column-3\">156<\/td><td class=\"column-4\">crosscar<\/td><td class=\"column-5\">E.03<\/td>\n<\/tr>\n<tr class=\"row-45 odd\">\n\t<td class=\"column-1\">Joan Enr<\/td><td class=\"column-2\">de Maria<\/td><td class=\"column-3\">-<\/td><td class=\"column-4\">superbuggy<\/td><td class=\"column-5\">E.05<\/td>\n<\/tr>\n<tr class=\"row-46 even\">\n\t<td class=\"column-1\">Martin<\/td><td class=\"column-2\">Vacul\u00edk<\/td><td class=\"column-3\">122<\/td><td class=\"column-4\">buggy1600<\/td><td class=\"column-5\">E.06<\/td>\n<\/tr>\n<tr class=\"row-47 odd\">\n\t<td class=\"column-1\">Vojt\u011bch<\/td><td class=\"column-2\">Vacul\u00edk<\/td><td class=\"column-3\">21<\/td><td class=\"column-4\">superbuggy<\/td><td class=\"column-5\">E.07<\/td>\n<\/tr>\n<tr class=\"row-48 even\">\n\t<td class=\"column-1\">Carlos<\/td><td class=\"column-2\">Hernando<\/td><td class=\"column-3\">90<\/td><td class=\"column-4\">superbuggy<\/td><td class=\"column-5\">E.08<\/td>\n<\/tr>\n<tr class=\"row-49 odd\">\n\t<td class=\"column-1\">Jakub<\/td><td class=\"column-2\">Novotn\u00fd<\/td><td class=\"column-3\">104<\/td><td class=\"column-4\">buggy1600<\/td><td class=\"column-5\">E.09<\/td>\n<\/tr>\n<tr class=\"row-50 even\">\n\t<td class=\"column-1\">David<\/td><td class=\"column-2\">Horak<\/td><td class=\"column-3\">9<\/td><td class=\"column-4\">superbuggy<\/td><td class=\"column-5\">E.10<\/td>\n<\/tr>\n<tr class=\"row-51 odd\">\n\t<td class=\"column-1\">Stijn<\/td><td class=\"column-2\">Jaspers<\/td><td class=\"column-3\">102<\/td><td class=\"column-4\">buggy1600<\/td><td class=\"column-5\">E.11<\/td>\n<\/tr>\n<tr class=\"row-52 even\">\n\t<td class=\"column-1\">Eli\u0161ka<\/td><td class=\"column-2\">Pln\u00e1<\/td><td class=\"column-3\">222<\/td><td class=\"column-4\">juniorbuggy<\/td><td class=\"column-5\">E.12<\/td>\n<\/tr>\n<tr class=\"row-53 odd\">\n\t<td class=\"column-1\">Reding<\/td><td class=\"column-2\">Kenny<\/td><td class=\"column-3\">108<\/td><td class=\"column-4\">juniorbuggy<\/td><td class=\"column-5\">F.01<\/td>\n<\/tr>\n<tr class=\"row-54 even\">\n\t<td class=\"column-1\">Reding<\/td><td class=\"column-2\">Kenny<\/td><td class=\"column-3\">108<\/td><td class=\"column-4\">juniorbuggy<\/td><td class=\"column-5\">F.02<\/td>\n<\/tr>\n<tr class=\"row-55 odd\">\n\t<td class=\"column-1\">Steven<\/td><td class=\"column-2\">Laubach<\/td><td class=\"column-3\">114<\/td><td class=\"column-4\">buggy1600<\/td><td class=\"column-5\">F.03<\/td>\n<\/tr>\n<tr class=\"row-56 even\">\n\t<td class=\"column-1\">Alex<\/td><td class=\"column-2\">Theul<\/td><td class=\"column-3\">112<\/td><td class=\"column-4\">buggy1600<\/td><td class=\"column-5\">F.04<\/td>\n<\/tr>\n<tr class=\"row-57 odd\">\n\t<td class=\"column-1\">Ferdinand<\/td><td class=\"column-2\">Gengler<\/td><td class=\"column-3\">167<\/td><td class=\"column-4\">buggy1600<\/td><td class=\"column-5\">F.05<\/td>\n<\/tr>\n<tr class=\"row-58 even\">\n\t<td class=\"column-1\">Reserve<\/td><td class=\"column-2\">New peters car<\/td><td class=\"column-3\">199<\/td><td class=\"column-4\">buggy1600<\/td><td class=\"column-5\">F.06<\/td>\n<\/tr>\n<tr class=\"row-59 odd\">\n\t<td class=\"column-1\">Remo<\/td><td class=\"column-2\">Kobras<\/td><td class=\"column-3\">115<\/td><td class=\"column-4\">buggy1600<\/td><td class=\"column-5\">F.07<\/td>\n<\/tr>\n<tr class=\"row-60 even\">\n\t<td class=\"column-1\">Filip<\/td><td class=\"column-2\">Du\u0159t<\/td><td class=\"column-3\">4<\/td><td class=\"column-4\">juniorbuggy<\/td><td class=\"column-5\">F.08<\/td>\n<\/tr>\n<tr class=\"row-61 odd\">\n\t<td class=\"column-1\">Dennis<\/td><td class=\"column-2\">Kuijpers<\/td><td class=\"column-3\">23<\/td><td class=\"column-4\">superbuggy<\/td><td class=\"column-5\">F.09<\/td>\n<\/tr>\n<tr class=\"row-62 even\">\n\t<td class=\"column-1\">Jaroslav<\/td><td class=\"column-2\">Ho\u0161ek<\/td><td class=\"column-3\">14<\/td><td class=\"column-4\">superbuggy<\/td><td class=\"column-5\">F.10<\/td>\n<\/tr>\n<tr class=\"row-63 odd\">\n\t<td class=\"column-1\">Daniel<\/td><td class=\"column-2\">Pytloun<\/td><td class=\"column-3\">123<\/td><td class=\"column-4\">Buggy1600<\/td><td class=\"column-5\">F.11<\/td>\n<\/tr>\n<tr class=\"row-64 even\">\n\t<td class=\"column-1\">Eli\u0161ka<\/td><td class=\"column-2\">Pytlounov\u00e1<\/td><td class=\"column-3\">206<\/td><td class=\"column-4\">juniorbuggy<\/td><td class=\"column-5\">F.12<\/td>\n<\/tr>\n<tr class=\"row-65 odd\">\n\t<td class=\"column-1\">Escuderia<\/td><td class=\"column-2\">Mollerussa<\/td><td class=\"column-3\">-<\/td><td class=\"column-4\">-<\/td><td class=\"column-5\">I.01<\/td>\n<\/tr>\n<tr class=\"row-66 even\">\n\t<td class=\"column-1\">Escuderia<\/td><td class=\"column-2\">Mollerussa<\/td><td class=\"column-3\">-<\/td><td class=\"column-4\">-<\/td><td class=\"column-5\">I.02<\/td>\n<\/tr>\n<tr class=\"row-67 odd\">\n\t<td class=\"column-1\">Escuderia<\/td><td class=\"column-2\">Mollerussa<\/td><td class=\"column-3\">-<\/td><td class=\"column-4\">-<\/td><td class=\"column-5\">I.03<\/td>\n<\/tr>\n<tr class=\"row-68 even\">\n\t<td class=\"column-1\">Escuderia<\/td><td class=\"column-2\">Mollerussa<\/td><td class=\"column-3\">-<\/td><td class=\"column-4\">-<\/td><td class=\"column-5\">I.04<\/td>\n<\/tr>\n<tr class=\"row-69 odd\">\n\t<td class=\"column-1\">Escuderia<\/td><td class=\"column-2\">Mollerussa<\/td><td class=\"column-3\">-<\/td><td class=\"column-4\">-<\/td><td class=\"column-5\">I.05<\/td>\n<\/tr>\n<tr class=\"row-70 even\">\n\t<td class=\"column-1\">Escuderia<\/td><td class=\"column-2\">Mollerussa<\/td><td class=\"column-3\">-<\/td><td class=\"column-4\">-<\/td><td class=\"column-5\">I.06<\/td>\n<\/tr>\n<tr class=\"row-71 odd\">\n\t<td class=\"column-1\">Escuderia<\/td><td class=\"column-2\">Mollerussa<\/td><td class=\"column-3\">-<\/td><td class=\"column-4\">-<\/td><td class=\"column-5\">I.07<\/td>\n<\/tr>\n<tr class=\"row-72 even\">\n\t<td class=\"column-1\">Escuderia<\/td><td class=\"column-2\">Mollerussa<\/td><td class=\"column-3\">-<\/td><td class=\"column-4\">-<\/td><td class=\"column-5\">J.01<\/td>\n<\/tr>\n<tr class=\"row-73 odd\">\n\t<td class=\"column-1\">Escuderia<\/td><td class=\"column-2\">Mollerussa<\/td><td class=\"column-3\">-<\/td><td class=\"column-4\">-<\/td><td class=\"column-5\">J.02<\/td>\n<\/tr>\n<tr class=\"row-74 even\">\n\t<td class=\"column-1\">Escuderia<\/td><td class=\"column-2\">Mollerussa<\/td><td class=\"column-3\">-<\/td><td class=\"column-4\">-<\/td><td class=\"column-5\">J.03<\/td>\n<\/tr>\n<tr class=\"row-75 odd\">\n\t<td class=\"column-1\">Escuderia<\/td><td class=\"column-2\">Mollerussa<\/td><td class=\"column-3\">-<\/td><td class=\"column-4\">-<\/td><td class=\"column-5\">J.04<\/td>\n<\/tr>\n<tr class=\"row-76 even\">\n\t<td class=\"column-1\">Escuderia<\/td><td class=\"column-2\">Mollerussa<\/td><td class=\"column-3\">-<\/td><td class=\"column-4\">-<\/td><td class=\"column-5\">J.05<\/td>\n<\/tr>\n<tr class=\"row-77 odd\">\n\t<td class=\"column-1\">Escuderia<\/td><td class=\"column-2\">Mollerussa<\/td><td class=\"column-3\">-<\/td><td class=\"column-4\">-<\/td><td class=\"column-5\">J.06<\/td>\n<\/tr>\n<tr class=\"row-78 even\">\n\t<td class=\"column-1\">Escuderia<\/td><td class=\"column-2\">Mollerussa<\/td><td class=\"column-3\">-<\/td><td class=\"column-4\">-<\/td><td class=\"column-5\">J.07<\/td>\n<\/tr>\n<tr class=\"row-79 odd\">\n\t<td class=\"column-1\"><\/td><td class=\"column-2\"><\/td><td class=\"column-3\"><\/td><td class=\"column-4\"><\/td><td class=\"column-5\"><\/td>\n<\/tr>\n<tr class=\"row-80 even\">\n\t<td class=\"column-1\">Mattia<\/td><td class=\"column-2\">Faccincani<\/td><td class=\"column-3\">39<\/td><td class=\"column-4\">superbuggy<\/td><td class=\"column-5\">1 slot<\/td>\n<\/tr>\n<tr class=\"row-81 odd\">\n\t<td class=\"column-1\">Bart<\/td><td class=\"column-2\">van der Putten<\/td><td class=\"column-3\"><\/td><td class=\"column-4\"><\/td><td class=\"column-5\">1 slot<\/td>\n<\/tr>\n<tr class=\"row-82 even\">\n\t<td class=\"column-1\">Chantal<\/td><td class=\"column-2\">van der Putten<\/td><td class=\"column-3\"><\/td><td class=\"column-4\"><\/td><td class=\"column-5\">1 slot<\/td>\n<\/tr>\n<tr class=\"row-83 odd\">\n\t<td class=\"column-1\">Rudy<\/td><td class=\"column-2\">van Buren<\/td><td class=\"column-3\"><\/td><td class=\"column-4\"><\/td><td class=\"column-5\">1 slot<\/td>\n<\/tr>\n<tr class=\"row-84 even\">\n\t<td class=\"column-1\">Pit<\/td><td class=\"column-2\">Venanzi<\/td><td class=\"column-3\"><\/td><td class=\"column-4\"><\/td><td class=\"column-5\">4 slots<\/td>\n<\/tr>\n<tr class=\"row-85 odd\">\n\t<td class=\"column-1\">Felix<\/td><td class=\"column-2\">Forrer<\/td><td class=\"column-3\">216<\/td><td class=\"column-4\">juniorbuggy<\/td><td class=\"column-5\">1 slot<\/td>\n<\/tr>\n<\/tbody>\n<\/table>\n<!-- #tablepress-2 from cache -->\n","protected":false},"excerpt":{"rendered":"<p>NombreApellidosN\u00fameroCategor\u00edaPaddock AresLahoz305crosscarA.01 Juan JoseMoll302crosscarA.02 BorjaGonzalez328crosscarA.03 VincentPRIAT309crosscarA.04 ValentinBOURDIN381crosscarA.05 VincentMercier11superbuggyA.06 AdrianBoele0superbuggyA.07 HansueliEgli52superbuggyA.08 KevinPeters101buggy1600B.01 FrankArentsen45superbuggyB.02 Hendrik JanArentsen97superbuggyB.03 ChrisHermes172buggy1600B.04 TinusFranssen224juniorbuggyB.05 DannyVan Den Berg190buggy1600B.06 TomiBarati373crosscarB.07 IvanPi\u00f1a312crosscarB.08 IvanPi\u00f1a312crosscarB.09 IvanPi\u00f1a312crosscarB.10 PLANET MOTORSPORT BELGIUM HUETFiona395crosscarC.01 PLANET MOTORSPORT BELGIUM HUETFiona344crosscarC.02 PLANET MOTORSPORT BELGIUM HUETFiona359crosscarC.03 PLANET MOTORSPORT BELGIUM HUETFiona371crosscarC.04 PLANET MOTORSPORT BELGIUM HUETFiona325crosscarC.05 MarkusWibbeler107buggy1600C.06 RadekJordak5superbuggyC.07 RobertTheuil8superbuggyC.08 ArnostFlorian201juniorbuggyC.09 PetrDole\u017eal318crosscarC.10 Jakub\u0160afr\u00e1nek205juniorbuggyD.01 ValentinComte304crosscarD.02 WILLOZLR MOTORS COMTE377crosscarD.03 ValentinComte304crosscarD.04 GijsKovac209juniorbuggyD.05&hellip;<\/p>\n","protected":false},"featured_media":0,"template":"","meta":[],"product_cat":[],"product_tag":[],"class_list":["post-4843","product","type-product","status-publish","hentry","description-off"],"_links":{"self":[{"href":"https:\/\/european2023.escuderiamollerussa.com\/en\/wp-json\/wp\/v2\/product\/4843","targetHints":{"allow":["GET"]}}],"collection":[{"href":"https:\/\/european2023.escuderiamollerussa.com\/en\/wp-json\/wp\/v2\/product"}],"about":[{"href":"https:\/\/european2023.escuderiamollerussa.com\/en\/wp-json\/wp\/v2\/types\/product"}],"wp:attachment":[{"href":"https:\/\/european2023.escuderiamollerussa.com\/en\/wp-json\/wp\/v2\/media?parent=4843"}],"wp:term":[{"taxonomy":"product_cat","embeddable":true,"href":"https:\/\/european2023.escuderiamollerussa.com\/en\/wp-json\/wp\/v2\/product_cat?post=4843"},{"taxonomy":"product_tag","embeddable":true,"href":"https:\/\/european2023.escuderiamollerussa.com\/en\/wp-json\/wp\/v2\/product_tag?post=4843"}],"curies":[{"name":"wp","href":"https:\/\/api.w.org\/{rel}","templated":true}]}}